{"id":364,"date":"2021-01-30T17:10:18","date_gmt":"2021-01-30T17:10:18","guid":{"rendered":"http:\/\/tengelits-porta.hu\/?page_id=364"},"modified":"2022-11-14T07:54:51","modified_gmt":"2022-11-14T07:54:51","slug":"nefelejcs-2","status":"publish","type":"page","link":"https:\/\/tengelits-porta.hu\/?page_id=364","title":{"rendered":"Nefelejcs"},"content":{"rendered":"\n<figure class=\"wp-block-image size-large\"><img loading=\"lazy\" decoding=\"async\" width=\"724\" height=\"1024\" src=\"http:\/\/tengelits-porta.hu\/wp-content\/uploads\/2021\/01\/2019_05_05-Tiszafured-CAC-eredmeny-4-724x1024.jpg\" alt=\"\" class=\"wp-image-449\" srcset=\"https:\/\/tengelits-porta.hu\/wp-content\/uploads\/2021\/01\/2019_05_05-Tiszafured-CAC-eredmeny-4-724x1024.jpg 724w, https:\/\/tengelits-porta.hu\/wp-content\/uploads\/2021\/01\/2019_05_05-Tiszafured-CAC-eredmeny-4-212x300.jpg 212w, https:\/\/tengelits-porta.hu\/wp-content\/uploads\/2021\/01\/2019_05_05-Tiszafured-CAC-eredmeny-4-768x1087.jpg 768w, https:\/\/tengelits-porta.hu\/wp-content\/uploads\/2021\/01\/2019_05_05-Tiszafured-CAC-eredmeny-4-42x60.jpg 42w, https:\/\/tengelits-porta.hu\/wp-content\/uploads\/2021\/01\/2019_05_05-Tiszafured-CAC-eredmeny-4.jpg 790w\" sizes=\"auto, (max-width: 724px) 100vw, 724px\" \/><figcaption class=\"wp-element-caption\">2019_05_05 Tiszaf\u00fcred CAC eredm\u00e9ny<\/figcaption><\/figure>\n\n\n\n<figure class=\"wp-block-image size-large\"><img loading=\"lazy\" decoding=\"async\" width=\"721\" height=\"1024\" src=\"http:\/\/tengelits-porta.hu\/wp-content\/uploads\/2021\/01\/2019_05_25-Miskolc-CAC-eredmeny-6-721x1024.jpg\" alt=\"\" class=\"wp-image-450\" srcset=\"https:\/\/tengelits-porta.hu\/wp-content\/uploads\/2021\/01\/2019_05_25-Miskolc-CAC-eredmeny-6-721x1024.jpg 721w, https:\/\/tengelits-porta.hu\/wp-content\/uploads\/2021\/01\/2019_05_25-Miskolc-CAC-eredmeny-6-211x300.jpg 211w, https:\/\/tengelits-porta.hu\/wp-content\/uploads\/2021\/01\/2019_05_25-Miskolc-CAC-eredmeny-6-768x1091.jpg 768w, https:\/\/tengelits-porta.hu\/wp-content\/uploads\/2021\/01\/2019_05_25-Miskolc-CAC-eredmeny-6-42x60.jpg 42w, https:\/\/tengelits-porta.hu\/wp-content\/uploads\/2021\/01\/2019_05_25-Miskolc-CAC-eredmeny-6.jpg 787w\" sizes=\"auto, (max-width: 721px) 100vw, 721px\" \/><figcaption class=\"wp-element-caption\">2019_05_25 Miskolc CAC eredm\u00e9ny<\/figcaption><\/figure>\n\n\n\n<figure class=\"wp-block-image size-large\"><img loading=\"lazy\" decoding=\"async\" width=\"717\" height=\"1024\" src=\"http:\/\/tengelits-porta.hu\/wp-content\/uploads\/2021\/01\/2019_05_25-Miskolc-CACIB-eredmeny-5-717x1024.jpg\" alt=\"\" class=\"wp-image-451\" srcset=\"https:\/\/tengelits-porta.hu\/wp-content\/uploads\/2021\/01\/2019_05_25-Miskolc-CACIB-eredmeny-5-717x1024.jpg 717w, https:\/\/tengelits-porta.hu\/wp-content\/uploads\/2021\/01\/2019_05_25-Miskolc-CACIB-eredmeny-5-210x300.jpg 210w, https:\/\/tengelits-porta.hu\/wp-content\/uploads\/2021\/01\/2019_05_25-Miskolc-CACIB-eredmeny-5-768x1097.jpg 768w, https:\/\/tengelits-porta.hu\/wp-content\/uploads\/2021\/01\/2019_05_25-Miskolc-CACIB-eredmeny-5-42x60.jpg 42w, https:\/\/tengelits-porta.hu\/wp-content\/uploads\/2021\/01\/2019_05_25-Miskolc-CACIB-eredmeny-5.jpg 783w\" sizes=\"auto, (max-width: 717px) 100vw, 717px\" \/><figcaption class=\"wp-element-caption\">2019_05_25 Miskolc CACIB eredm\u00e9ny<\/figcaption><\/figure>\n\n\n\n<figure class=\"wp-block-image size-large\"><img loading=\"lazy\" decoding=\"async\" width=\"1024\" height=\"746\" src=\"http:\/\/tengelits-porta.hu\/wp-content\/uploads\/2021\/01\/2019_07_06-Bugac-CAC-eredmeny-2-1024x746.jpg\" alt=\"\" class=\"wp-image-453\" srcset=\"https:\/\/tengelits-porta.hu\/wp-content\/uploads\/2021\/01\/2019_07_06-Bugac-CAC-eredmeny-2-1024x746.jpg 1024w, https:\/\/tengelits-porta.hu\/wp-content\/uploads\/2021\/01\/2019_07_06-Bugac-CAC-eredmeny-2-300x218.jpg 300w, https:\/\/tengelits-porta.hu\/wp-content\/uploads\/2021\/01\/2019_07_06-Bugac-CAC-eredmeny-2-768x559.jpg 768w, https:\/\/tengelits-porta.hu\/wp-content\/uploads\/2021\/01\/2019_07_06-Bugac-CAC-eredmeny-2-82x60.jpg 82w, https:\/\/tengelits-porta.hu\/wp-content\/uploads\/2021\/01\/2019_07_06-Bugac-CAC-eredmeny-2.jpg 1118w\" sizes=\"auto, (max-width: 1024px) 100vw, 1024px\" \/><figcaption class=\"wp-element-caption\">2019_07_06 Bugac CAC eredm\u00e9ny<\/figcaption><\/figure>\n\n\n\n<figure class=\"wp-block-image size-large\"><img loading=\"lazy\" decoding=\"async\" width=\"1024\" height=\"717\" src=\"http:\/\/tengelits-porta.hu\/wp-content\/uploads\/2021\/01\/2019_09_28-Karcag-CAC-cimek-7-1024x717.jpg\" alt=\"\" class=\"wp-image-454\" srcset=\"https:\/\/tengelits-porta.hu\/wp-content\/uploads\/2021\/01\/2019_09_28-Karcag-CAC-cimek-7-1024x717.jpg 1024w, https:\/\/tengelits-porta.hu\/wp-content\/uploads\/2021\/01\/2019_09_28-Karcag-CAC-cimek-7-300x210.jpg 300w, https:\/\/tengelits-porta.hu\/wp-content\/uploads\/2021\/01\/2019_09_28-Karcag-CAC-cimek-7-768x538.jpg 768w, https:\/\/tengelits-porta.hu\/wp-content\/uploads\/2021\/01\/2019_09_28-Karcag-CAC-cimek-7-86x60.jpg 86w, https:\/\/tengelits-porta.hu\/wp-content\/uploads\/2021\/01\/2019_09_28-Karcag-CAC-cimek-7.jpg 1118w\" sizes=\"auto, (max-width: 1024px) 100vw, 1024px\" \/><figcaption class=\"wp-element-caption\">2019_09_28 Karcag CAC c\u00edmek<\/figcaption><\/figure>\n\n\n\n<figure class=\"wp-block-image size-large\"><img loading=\"lazy\" decoding=\"async\" width=\"1024\" height=\"850\" src=\"http:\/\/tengelits-porta.hu\/wp-content\/uploads\/2021\/01\/2020_08_02-Debrecen-CACIB-cimek-5-1024x850.jpg\" alt=\"\" class=\"wp-image-455\" srcset=\"https:\/\/tengelits-porta.hu\/wp-content\/uploads\/2021\/01\/2020_08_02-Debrecen-CACIB-cimek-5-1024x850.jpg 1024w, https:\/\/tengelits-porta.hu\/wp-content\/uploads\/2021\/01\/2020_08_02-Debrecen-CACIB-cimek-5-300x249.jpg 300w, https:\/\/tengelits-porta.hu\/wp-content\/uploads\/2021\/01\/2020_08_02-Debrecen-CACIB-cimek-5-768x637.jpg 768w, https:\/\/tengelits-porta.hu\/wp-content\/uploads\/2021\/01\/2020_08_02-Debrecen-CACIB-cimek-5-72x60.jpg 72w, https:\/\/tengelits-porta.hu\/wp-content\/uploads\/2021\/01\/2020_08_02-Debrecen-CACIB-cimek-5.jpg 1118w\" sizes=\"auto, (max-width: 1024px) 100vw, 1024px\" \/><figcaption class=\"wp-element-caption\">2020_08_02 Debrecen CACIB c\u00edmek<\/figcaption><\/figure>\n\n\n\n<figure class=\"wp-block-image size-large\"><img loading=\"lazy\" decoding=\"async\" width=\"1024\" height=\"781\" src=\"https:\/\/tengelits-porta.hu\/wp-content\/uploads\/2021\/07\/Nefi-CAC-1024x781.jpg\" alt=\"\" class=\"wp-image-729\" srcset=\"https:\/\/tengelits-porta.hu\/wp-content\/uploads\/2021\/07\/Nefi-CAC-1024x781.jpg 1024w, https:\/\/tengelits-porta.hu\/wp-content\/uploads\/2021\/07\/Nefi-CAC-300x229.jpg 300w, https:\/\/tengelits-porta.hu\/wp-content\/uploads\/2021\/07\/Nefi-CAC-768x586.jpg 768w, https:\/\/tengelits-porta.hu\/wp-content\/uploads\/2021\/07\/Nefi-CAC.jpg 1166w\" sizes=\"auto, (max-width: 1024px) 100vw, 1024px\" \/><figcaption class=\"wp-element-caption\">2021.07.03  CAC<\/figcaption><\/figure>\n\n\n\n<figure class=\"wp-block-image size-large\"><img loading=\"lazy\" decoding=\"async\" width=\"724\" height=\"1024\" src=\"https:\/\/tengelits-porta.hu\/wp-content\/uploads\/2022\/11\/Miskolc-I-1-724x1024.jpg\" alt=\"\" class=\"wp-image-747\" srcset=\"https:\/\/tengelits-porta.hu\/wp-content\/uploads\/2022\/11\/Miskolc-I-1-724x1024.jpg 724w, https:\/\/tengelits-porta.hu\/wp-content\/uploads\/2022\/11\/Miskolc-I-1-212x300.jpg 212w, https:\/\/tengelits-porta.hu\/wp-content\/uploads\/2022\/11\/Miskolc-I-1-768x1086.jpg 768w, https:\/\/tengelits-porta.hu\/wp-content\/uploads\/2022\/11\/Miskolc-I-1-1087x1536.jpg 1087w, https:\/\/tengelits-porta.hu\/wp-content\/uploads\/2022\/11\/Miskolc-I-1-1449x2048.jpg 1449w, https:\/\/tengelits-porta.hu\/wp-content\/uploads\/2022\/11\/Miskolc-I-1.jpg 1654w\" sizes=\"auto, (max-width: 724px) 100vw, 724px\" \/><figcaption class=\"wp-element-caption\">Miskolc CACIB 2021.08.14<\/figcaption><\/figure>\n\n\n\n<figure class=\"wp-block-image size-large\"><img loading=\"lazy\" decoding=\"async\" width=\"1024\" height=\"721\" src=\"https:\/\/tengelits-porta.hu\/wp-content\/uploads\/2022\/11\/Miskolc-I-2-1024x721.jpg\" alt=\"\" class=\"wp-image-749\" srcset=\"https:\/\/tengelits-porta.hu\/wp-content\/uploads\/2022\/11\/Miskolc-I-2-1024x721.jpg 1024w, https:\/\/tengelits-porta.hu\/wp-content\/uploads\/2022\/11\/Miskolc-I-2-300x211.jpg 300w, https:\/\/tengelits-porta.hu\/wp-content\/uploads\/2022\/11\/Miskolc-I-2-768x541.jpg 768w, https:\/\/tengelits-porta.hu\/wp-content\/uploads\/2022\/11\/Miskolc-I-2-1536x1082.jpg 1536w, https:\/\/tengelits-porta.hu\/wp-content\/uploads\/2022\/11\/Miskolc-I-2-2048x1443.jpg 2048w\" sizes=\"auto, (max-width: 1024px) 100vw, 1024px\" \/><figcaption class=\"wp-element-caption\">Miskolc CACIB 2021.0814<\/figcaption><\/figure>\n\n\n\n<figure class=\"wp-block-image size-large\"><img loading=\"lazy\" decoding=\"async\" width=\"724\" height=\"1024\" src=\"https:\/\/tengelits-porta.hu\/wp-content\/uploads\/2022\/11\/Miskolc-II-1-724x1024.jpg\" alt=\"\" class=\"wp-image-751\" srcset=\"https:\/\/tengelits-porta.hu\/wp-content\/uploads\/2022\/11\/Miskolc-II-1-724x1024.jpg 724w, https:\/\/tengelits-porta.hu\/wp-content\/uploads\/2022\/11\/Miskolc-II-1-212x300.jpg 212w, https:\/\/tengelits-porta.hu\/wp-content\/uploads\/2022\/11\/Miskolc-II-1-768x1086.jpg 768w, https:\/\/tengelits-porta.hu\/wp-content\/uploads\/2022\/11\/Miskolc-II-1-1087x1536.jpg 1087w, https:\/\/tengelits-porta.hu\/wp-content\/uploads\/2022\/11\/Miskolc-II-1-1449x2048.jpg 1449w, https:\/\/tengelits-porta.hu\/wp-content\/uploads\/2022\/11\/Miskolc-II-1.jpg 1654w\" sizes=\"auto, (max-width: 724px) 100vw, 724px\" \/><figcaption class=\"wp-element-caption\">Miskolc CACIB 2021.08.15<\/figcaption><\/figure>\n\n\n\n<figure class=\"wp-block-image size-large\"><img loading=\"lazy\" decoding=\"async\" width=\"1024\" height=\"724\" src=\"https:\/\/tengelits-porta.hu\/wp-content\/uploads\/2022\/11\/Miskolc-II-2-1024x724.jpg\" alt=\"\" class=\"wp-image-754\" srcset=\"https:\/\/tengelits-porta.hu\/wp-content\/uploads\/2022\/11\/Miskolc-II-2-1024x724.jpg 1024w, https:\/\/tengelits-porta.hu\/wp-content\/uploads\/2022\/11\/Miskolc-II-2-300x212.jpg 300w, https:\/\/tengelits-porta.hu\/wp-content\/uploads\/2022\/11\/Miskolc-II-2-768x543.jpg 768w, https:\/\/tengelits-porta.hu\/wp-content\/uploads\/2022\/11\/Miskolc-II-2-1536x1087.jpg 1536w, https:\/\/tengelits-porta.hu\/wp-content\/uploads\/2022\/11\/Miskolc-II-2-2048x1449.jpg 2048w\" sizes=\"auto, (max-width: 1024px) 100vw, 1024px\" \/><figcaption class=\"wp-element-caption\">Miskolc CACIB 2021.08.15<\/figcaption><\/figure>\n\n\n\n<figure class=\"wp-block-image size-large\"><img loading=\"lazy\" decoding=\"async\" width=\"702\" height=\"1024\" src=\"https:\/\/tengelits-porta.hu\/wp-content\/uploads\/2022\/11\/Jakabszallas-1-702x1024.jpg\" alt=\"\" class=\"wp-image-756\" srcset=\"https:\/\/tengelits-porta.hu\/wp-content\/uploads\/2022\/11\/Jakabszallas-1-702x1024.jpg 702w, https:\/\/tengelits-porta.hu\/wp-content\/uploads\/2022\/11\/Jakabszallas-1-206x300.jpg 206w, https:\/\/tengelits-porta.hu\/wp-content\/uploads\/2022\/11\/Jakabszallas-1-768x1120.jpg 768w, https:\/\/tengelits-porta.hu\/wp-content\/uploads\/2022\/11\/Jakabszallas-1-1053x1536.jpg 1053w, https:\/\/tengelits-porta.hu\/wp-content\/uploads\/2022\/11\/Jakabszallas-1-1405x2048.jpg 1405w, https:\/\/tengelits-porta.hu\/wp-content\/uploads\/2022\/11\/Jakabszallas-1.jpg 1552w\" sizes=\"auto, (max-width: 702px) 100vw, 702px\" \/><figcaption class=\"wp-element-caption\">Kecskem\u00e9t-Jakabsz\u00e1ll\u00e1s CACIB 2021.09.12<\/figcaption><\/figure>\n\n\n\n<figure class=\"wp-block-image size-large\"><img loading=\"lazy\" decoding=\"async\" width=\"1024\" height=\"831\" src=\"https:\/\/tengelits-porta.hu\/wp-content\/uploads\/2022\/11\/Jakabszallas-2-1024x831.jpg\" alt=\"\" class=\"wp-image-759\" srcset=\"https:\/\/tengelits-porta.hu\/wp-content\/uploads\/2022\/11\/Jakabszallas-2-1024x831.jpg 1024w, https:\/\/tengelits-porta.hu\/wp-content\/uploads\/2022\/11\/Jakabszallas-2-300x243.jpg 300w, https:\/\/tengelits-porta.hu\/wp-content\/uploads\/2022\/11\/Jakabszallas-2-768x623.jpg 768w, https:\/\/tengelits-porta.hu\/wp-content\/uploads\/2022\/11\/Jakabszallas-2-1536x1246.jpg 1536w, https:\/\/tengelits-porta.hu\/wp-content\/uploads\/2022\/11\/Jakabszallas-2.jpg 1944w\" sizes=\"auto, (max-width: 1024px) 100vw, 1024px\" \/><figcaption class=\"wp-element-caption\">Kecskem\u00e9t-Jakabsz\u00e1ll\u00e1s CACIB 2021.09.12<\/figcaption><\/figure>\n\n\n\n<figure class=\"wp-block-image size-large\"><img loading=\"lazy\" decoding=\"async\" width=\"724\" height=\"1024\" src=\"https:\/\/tengelits-porta.hu\/wp-content\/uploads\/2022\/11\/Komarom-1-724x1024.jpg\" alt=\"\" class=\"wp-image-761\" srcset=\"https:\/\/tengelits-porta.hu\/wp-content\/uploads\/2022\/11\/Komarom-1-724x1024.jpg 724w, https:\/\/tengelits-porta.hu\/wp-content\/uploads\/2022\/11\/Komarom-1-212x300.jpg 212w, https:\/\/tengelits-porta.hu\/wp-content\/uploads\/2022\/11\/Komarom-1-768x1087.jpg 768w, https:\/\/tengelits-porta.hu\/wp-content\/uploads\/2022\/11\/Komarom-1-1085x1536.jpg 1085w, https:\/\/tengelits-porta.hu\/wp-content\/uploads\/2022\/11\/Komarom-1-1447x2048.jpg 1447w, https:\/\/tengelits-porta.hu\/wp-content\/uploads\/2022\/11\/Komarom-1.jpg 1645w\" sizes=\"auto, (max-width: 724px) 100vw, 724px\" \/><figcaption class=\"wp-element-caption\">Kom\u00e1rom CACIB 2021.09.26<\/figcaption><\/figure>\n\n\n\n<figure class=\"wp-block-image size-large\"><img loading=\"lazy\" decoding=\"async\" width=\"1024\" height=\"728\" src=\"https:\/\/tengelits-porta.hu\/wp-content\/uploads\/2022\/11\/Komarom-2-1024x728.jpg\" alt=\"\" class=\"wp-image-763\" srcset=\"https:\/\/tengelits-porta.hu\/wp-content\/uploads\/2022\/11\/Komarom-2-1024x728.jpg 1024w, https:\/\/tengelits-porta.hu\/wp-content\/uploads\/2022\/11\/Komarom-2-300x213.jpg 300w, https:\/\/tengelits-porta.hu\/wp-content\/uploads\/2022\/11\/Komarom-2-768x546.jpg 768w, https:\/\/tengelits-porta.hu\/wp-content\/uploads\/2022\/11\/Komarom-2-1536x1092.jpg 1536w, https:\/\/tengelits-porta.hu\/wp-content\/uploads\/2022\/11\/Komarom-2-2048x1457.jpg 2048w\" sizes=\"auto, (max-width: 1024px) 100vw, 1024px\" \/><figcaption class=\"wp-element-caption\">Kom\u00e1rom CACIB 2021.09.26<\/figcaption><\/figure>\n","protected":false},"excerpt":{"rendered":"","protected":false},"author":1,"featured_media":0,"parent":0,"menu_order":0,"comment_status":"closed","ping_status":"closed","template":"","meta":{"footnotes":""},"class_list":["post-364","page","type-page","status-publish","hentry"],"_links":{"self":[{"href":"https:\/\/tengelits-porta.hu\/index.php?rest_route=\/wp\/v2\/pages\/364","targetHints":{"allow":["GET"]}}],"collection":[{"href":"https:\/\/tengelits-porta.hu\/index.php?rest_route=\/wp\/v2\/pages"}],"about":[{"href":"https:\/\/tengelits-porta.hu\/index.php?rest_route=\/wp\/v2\/types\/page"}],"author":[{"embeddable":true,"href":"https:\/\/tengelits-porta.hu\/index.php?rest_route=\/wp\/v2\/users\/1"}],"replies":[{"embeddable":true,"href":"https:\/\/tengelits-porta.hu\/index.php?rest_route=%2Fwp%2Fv2%2Fcomments&post=364"}],"version-history":[{"count":11,"href":"https:\/\/tengelits-porta.hu\/index.php?rest_route=\/wp\/v2\/pages\/364\/revisions"}],"predecessor-version":[{"id":764,"href":"https:\/\/tengelits-porta.hu\/index.php?rest_route=\/wp\/v2\/pages\/364\/revisions\/764"}],"wp:attachment":[{"href":"https:\/\/tengelits-porta.hu\/index.php?rest_route=%2Fwp%2Fv2%2Fmedia&parent=364"}],"curies":[{"name":"wp","href":"https:\/\/api.w.org\/{rel}","templated":true}]}}